{"id":153,"date":"2025-07-05T15:34:22","date_gmt":"2025-07-05T15:34:22","guid":{"rendered":"https:\/\/cozumeldiscovery.com\/?page_id=153"},"modified":"2025-10-29T23:34:44","modified_gmt":"2025-10-29T23:34:44","slug":"blog","status":"publish","type":"page","link":"https:\/\/cozumeldiscovery.com\/pt\/blog\/","title":{"rendered":"Blog"},"content":{"rendered":"<div data-elementor-type=\"wp-page\" data-elementor-id=\"153\" class=\"elementor elementor-153\" data-elementor-post-type=\"page\">\n\t\t\t\t<div class=\"elementor-element elementor-element-b85423f e-flex e-con-boxed e-con e-parent\" data-id=\"b85423f\" data-element_type=\"container\" data-e-type=\"container\">\n\t\t\t\t\t<div class=\"e-con-inner\">\n\t\t<div class=\"elementor-element elementor-element-6d5c531e e-con-full e-flex e-con e-child\" data-id=\"6d5c531e\" data-element_type=\"container\" data-e-type=\"container\">\n\t\t\t\t<div class=\"elementor-element elementor-element-4d1f4f86 elementor-widget elementor-widget-heading\" data-id=\"4d1f4f86\" data-element_type=\"widget\" data-e-type=\"widget\" data-widget_type=\"heading.default\">\n\t\t\t\t\t<h2 class=\"elementor-heading-title elementor-size-default\">Explore nossos artigos<\/h2>\t\t\t\t<\/div>\n\t\t\t\t<div class=\"elementor-element elementor-element-2123c6d7 elementor-grid-tablet-1 elementor-grid-3 elementor-grid-mobile-1 elementor-posts--thumbnail-top elementor-widget elementor-widget-posts\" data-id=\"2123c6d7\" data-element_type=\"widget\" data-e-type=\"widget\" data-settings=\"{&quot;classic_row_gap&quot;:{&quot;unit&quot;:&quot;px&quot;,&quot;size&quot;:28,&quot;sizes&quot;:[]},&quot;classic_columns_tablet&quot;:&quot;1&quot;,&quot;classic_columns&quot;:&quot;3&quot;,&quot;classic_columns_mobile&quot;:&quot;1&quot;,&quot;classic_row_gap_tablet&quot;:{&quot;unit&quot;:&quot;px&quot;,&quot;size&quot;:&quot;&quot;,&quot;sizes&quot;:[]},&quot;classic_row_gap_mobile&quot;:{&quot;unit&quot;:&quot;px&quot;,&quot;size&quot;:&quot;&quot;,&quot;sizes&quot;:[]}}\" data-widget_type=\"posts.classic\">\n\t\t\t\t<div class=\"elementor-widget-container\">\n\t\t\t\t\t\t\t<div class=\"elementor-posts-container elementor-posts elementor-posts--skin-classic elementor-grid\" role=\"list\">\n\t\t\t\t<article class=\"elementor-post elementor-grid-item post-265 post type-post status-publish format-standard has-post-thumbnail hentry category-uncategorized tag-cozumel-island-adventures\" role=\"listitem\">\n\t\t\t\t<a class=\"elementor-post__thumbnail__link\" href=\"https:\/\/cozumeldiscovery.com\/pt\/cozumel-a-tropical-paradise-ocean-adventures-await-you\/\" tabindex=\"-1\" >\n\t\t\t<div class=\"elementor-post__thumbnail\"><img fetchpriority=\"high\" decoding=\"async\" width=\"300\" height=\"225\" src=\"https:\/\/cozumeldiscovery.com\/wp-content\/uploads\/2025\/06\/cozumel-clear-waters-300x225.webp\" class=\"attachment-medium size-medium wp-image-262\" alt=\"Para\u00edso tropical de Cozumel e praias de areia branca\" srcset=\"https:\/\/cozumeldiscovery.com\/wp-content\/uploads\/2025\/06\/cozumel-clear-waters-300x225.webp 300w, https:\/\/cozumeldiscovery.com\/wp-content\/uploads\/2025\/06\/cozumel-clear-waters-1024x768.webp 1024w, https:\/\/cozumeldiscovery.com\/wp-content\/uploads\/2025\/06\/cozumel-clear-waters-768x576.webp 768w, https:\/\/cozumeldiscovery.com\/wp-content\/uploads\/2025\/06\/cozumel-clear-waters-1536x1152.webp 1536w, https:\/\/cozumeldiscovery.com\/wp-content\/uploads\/2025\/06\/cozumel-clear-waters.webp 1979w\" sizes=\"(max-width: 300px) 100vw, 300px\" \/><\/div>\n\t\t<\/a>\n\t\t\t\t<div class=\"elementor-post__text\">\n\t\t\t\t<h3 class=\"elementor-post__title\">\n\t\t\t<a href=\"https:\/\/cozumeldiscovery.com\/pt\/cozumel-a-tropical-paradise-ocean-adventures-await-you\/\" >\n\t\t\t\tCozumel: Um para\u00edso tropical e aventuras no oceano esperam por voc\u00ea\t\t\t<\/a>\n\t\t<\/h3>\n\t\t\t\t<div class=\"elementor-post__excerpt\">\n\t\t\t<p>Cozumel: A ilha das andorinhas e uma joia do Caribe Aninhada nas \u00e1guas azuis do Mar do Caribe, Cozumel \u00e9 uma ilha vibrante<\/p>\n\t\t<\/div>\n\t\t\t\t<\/div>\n\t\t\t\t<\/article>\n\t\t\t\t<article class=\"elementor-post elementor-grid-item post-264 post type-post status-publish format-standard has-post-thumbnail hentry category-popular tag-best-reef-to-snorkel-cozumel tag-cielo-tour-cozumel tag-cozumel-reefs tag-snorkel-tour-cozumel tag-sunset-cruise tag-sup-cozumel\" role=\"listitem\">\n\t\t\t\t<a class=\"elementor-post__thumbnail__link\" href=\"https:\/\/cozumeldiscovery.com\/pt\/as-5-melhores-aventuras-aquaticas-em-cozumel-mexico\/\" tabindex=\"-1\" >\n\t\t\t<div class=\"elementor-post__thumbnail\"><img decoding=\"async\" width=\"300\" height=\"225\" src=\"https:\/\/cozumeldiscovery.com\/wp-content\/uploads\/2025\/06\/scuba-diving-cozumel-300x225.webp\" class=\"attachment-medium size-medium wp-image-260\" alt=\"Aprenda a mergulhar em Cozumel\" srcset=\"https:\/\/cozumeldiscovery.com\/wp-content\/uploads\/2025\/06\/scuba-diving-cozumel-300x225.webp 300w, https:\/\/cozumeldiscovery.com\/wp-content\/uploads\/2025\/06\/scuba-diving-cozumel-1024x768.webp 1024w, https:\/\/cozumeldiscovery.com\/wp-content\/uploads\/2025\/06\/scuba-diving-cozumel-768x576.webp 768w, https:\/\/cozumeldiscovery.com\/wp-content\/uploads\/2025\/06\/scuba-diving-cozumel-1536x1152.webp 1536w, https:\/\/cozumeldiscovery.com\/wp-content\/uploads\/2025\/06\/scuba-diving-cozumel.webp 2000w\" sizes=\"(max-width: 300px) 100vw, 300px\" \/><\/div>\n\t\t<\/a>\n\t\t\t\t<div class=\"elementor-post__text\">\n\t\t\t\t<h3 class=\"elementor-post__title\">\n\t\t\t<a href=\"https:\/\/cozumeldiscovery.com\/pt\/as-5-melhores-aventuras-aquaticas-em-cozumel-mexico\/\" >\n\t\t\t\tAs 5 melhores aventuras aqu\u00e1ticas em Cozumel, M\u00e9xico\t\t\t<\/a>\n\t\t<\/h3>\n\t\t\t\t<div class=\"elementor-post__excerpt\">\n\t\t\t<p>Cozumel, uma joia do Caribe e a apenas uma curta viagem de balsa de Playa del Carmen, \u00e9 um para\u00edso para os amantes da \u00e1gua. Suas \u00e1guas cristalinas,<\/p>\n\t\t<\/div>\n\t\t\t\t<\/div>\n\t\t\t\t<\/article>\n\t\t\t\t<article class=\"elementor-post elementor-grid-item post-263 post type-post status-publish format-standard has-post-thumbnail hentry category-popular\" role=\"listitem\">\n\t\t\t\t<a class=\"elementor-post__thumbnail__link\" href=\"https:\/\/cozumeldiscovery.com\/pt\/exploring-cozumels-vibrant-reefs-a-guide-to-the-ultimate-snorkeling-adventure\/\" tabindex=\"-1\" >\n\t\t\t<div class=\"elementor-post__thumbnail\"><img decoding=\"async\" width=\"300\" height=\"200\" src=\"https:\/\/cozumeldiscovery.com\/wp-content\/uploads\/2025\/06\/reef-cozumel-300x200.webp\" class=\"attachment-medium size-medium wp-image-261\" alt=\"Os melhores recifes para mergulhar com snorkel em Cozumel\" srcset=\"https:\/\/cozumeldiscovery.com\/wp-content\/uploads\/2025\/06\/reef-cozumel-300x200.webp 300w, https:\/\/cozumeldiscovery.com\/wp-content\/uploads\/2025\/06\/reef-cozumel-1024x683.webp 1024w, https:\/\/cozumeldiscovery.com\/wp-content\/uploads\/2025\/06\/reef-cozumel-768x512.webp 768w, https:\/\/cozumeldiscovery.com\/wp-content\/uploads\/2025\/06\/reef-cozumel-1536x1024.webp 1536w, https:\/\/cozumeldiscovery.com\/wp-content\/uploads\/2025\/06\/reef-cozumel-2048x1365.webp 2048w\" sizes=\"(max-width: 300px) 100vw, 300px\" \/><\/div>\n\t\t<\/a>\n\t\t\t\t<div class=\"elementor-post__text\">\n\t\t\t\t<h3 class=\"elementor-post__title\">\n\t\t\t<a href=\"https:\/\/cozumeldiscovery.com\/pt\/exploring-cozumels-vibrant-reefs-a-guide-to-the-ultimate-snorkeling-adventure\/\" >\n\t\t\t\tCozumel Snorkeling\t\t\t<\/a>\n\t\t<\/h3>\n\t\t\t\t<div class=\"elementor-post__excerpt\">\n\t\t\t<p>Cozumel is one of the Caribbean\u2019s top snorkeling destinations, famous for crystal-clear waters and vibrant coral reefs along the Mesoamerican Barrier Reef. With abundant marine<\/p>\n\t\t<\/div>\n\t\t\t\t<\/div>\n\t\t\t\t<\/article>\n\t\t\t\t<article class=\"elementor-post elementor-grid-item post-259 post type-post status-publish format-standard has-post-thumbnail hentry category-popular\" role=\"listitem\">\n\t\t\t\t<a class=\"elementor-post__thumbnail__link\" href=\"https:\/\/cozumeldiscovery.com\/pt\/a-day-of-serenity-and-splendor-escaping-to-cozumels-crystal-sargassum-free-waters\/\" tabindex=\"-1\" >\n\t\t\t<div class=\"elementor-post__thumbnail\"><img fetchpriority=\"high\" decoding=\"async\" width=\"300\" height=\"225\" src=\"https:\/\/cozumeldiscovery.com\/wp-content\/uploads\/2025\/06\/cozumel-clear-waters-300x225.webp\" class=\"attachment-medium size-medium wp-image-262\" alt=\"Para\u00edso tropical de Cozumel e praias de areia branca\" srcset=\"https:\/\/cozumeldiscovery.com\/wp-content\/uploads\/2025\/06\/cozumel-clear-waters-300x225.webp 300w, https:\/\/cozumeldiscovery.com\/wp-content\/uploads\/2025\/06\/cozumel-clear-waters-1024x768.webp 1024w, https:\/\/cozumeldiscovery.com\/wp-content\/uploads\/2025\/06\/cozumel-clear-waters-768x576.webp 768w, https:\/\/cozumeldiscovery.com\/wp-content\/uploads\/2025\/06\/cozumel-clear-waters-1536x1152.webp 1536w, https:\/\/cozumeldiscovery.com\/wp-content\/uploads\/2025\/06\/cozumel-clear-waters.webp 1979w\" sizes=\"(max-width: 300px) 100vw, 300px\" \/><\/div>\n\t\t<\/a>\n\t\t\t\t<div class=\"elementor-post__text\">\n\t\t\t\t<h3 class=\"elementor-post__title\">\n\t\t\t<a href=\"https:\/\/cozumeldiscovery.com\/pt\/a-day-of-serenity-and-splendor-escaping-to-cozumels-crystal-sargassum-free-waters\/\" >\n\t\t\t\tUm dia de serenidade e esplendor: Fugindo para as \u00e1guas cristalinas e livres de Sargassum de Cozumel\t\t\t<\/a>\n\t\t<\/h3>\n\t\t\t\t<div class=\"elementor-post__excerpt\">\n\t\t\t<p>No m\u00eas passado, eu me encontrava no para\u00edso ensolarado da Riviera Maya, no M\u00e9xico, um trecho do litoral conhecido por suas praias de areia branca e vibrantes<\/p>\n\t\t<\/div>\n\t\t\t\t<\/div>\n\t\t\t\t<\/article>\n\t\t\t\t<\/div>\n\t\t\n\t\t\t\t\t\t<\/div>\n\t\t\t\t<\/div>\n\t\t\t\t<\/div>\n\t\t\t\t\t<\/div>\n\t\t\t\t<\/div>\n\t\t\t\t<\/div>","protected":false},"excerpt":{"rendered":"<p>Explore nossos artigos<\/p>","protected":false},"author":3,"featured_media":0,"parent":0,"menu_order":0,"comment_status":"closed","ping_status":"closed","template":"","meta":{"footnotes":""},"class_list":["post-153","page","type-page","status-publish","hentry"],"_links":{"self":[{"href":"https:\/\/cozumeldiscovery.com\/pt\/wp-json\/wp\/v2\/pages\/153","targetHints":{"allow":["GET"]}}],"collection":[{"href":"https:\/\/cozumeldiscovery.com\/pt\/wp-json\/wp\/v2\/pages"}],"about":[{"href":"https:\/\/cozumeldiscovery.com\/pt\/wp-json\/wp\/v2\/types\/page"}],"author":[{"embeddable":true,"href":"https:\/\/cozumeldiscovery.com\/pt\/wp-json\/wp\/v2\/users\/3"}],"replies":[{"embeddable":true,"href":"https:\/\/cozumeldiscovery.com\/pt\/wp-json\/wp\/v2\/comments?post=153"}],"version-history":[{"count":5,"href":"https:\/\/cozumeldiscovery.com\/pt\/wp-json\/wp\/v2\/pages\/153\/revisions"}],"predecessor-version":[{"id":1567,"href":"https:\/\/cozumeldiscovery.com\/pt\/wp-json\/wp\/v2\/pages\/153\/revisions\/1567"}],"wp:attachment":[{"href":"https:\/\/cozumeldiscovery.com\/pt\/wp-json\/wp\/v2\/media?parent=153"}],"curies":[{"name":"wp","href":"https:\/\/api.w.org\/{rel}","templated":true}]}}