{"id":1269,"date":"2025-10-15T20:59:07","date_gmt":"2025-10-15T20:59:07","guid":{"rendered":"https:\/\/cozumeldiscovery.com\/?page_id=1269"},"modified":"2025-10-15T21:07:33","modified_gmt":"2025-10-15T21:07:33","slug":"termos-e-condicoes","status":"publish","type":"page","link":"https:\/\/cozumeldiscovery.com\/pt\/termos-e-condicoes\/","title":{"rendered":"Termos e condi\u00e7\u00f5es"},"content":{"rendered":"<div data-elementor-type=\"wp-page\" data-elementor-id=\"1269\" class=\"elementor elementor-1269\" data-elementor-post-type=\"page\">\n\t\t\t\t<div class=\"elementor-element elementor-element-14a6f6b e-flex e-con-boxed e-con e-parent\" data-id=\"14a6f6b\" data-element_type=\"container\" data-e-type=\"container\">\n\t\t\t\t\t<div class=\"e-con-inner\">\n\t\t\t\t<div class=\"elementor-element elementor-element-3a2bb6f elementor-widget elementor-widget-heading\" data-id=\"3a2bb6f\" data-element_type=\"widget\" data-e-type=\"widget\" data-widget_type=\"heading.default\">\n\t\t\t\t\t<h1 class=\"elementor-heading-title elementor-size-default\">Termos e condi\u00e7\u00f5es<\/h1>\t\t\t\t<\/div>\n\t\t\t\t<div class=\"elementor-element elementor-element-4a6900c elementor-widget elementor-widget-text-editor\" data-id=\"4a6900c\" data-element_type=\"widget\" data-e-type=\"widget\" data-widget_type=\"text-editor.default\">\n\t\t\t\t\t\t\t\t\t<p data-start=\"2730\" data-end=\"2761\"><strong data-start=\"2730\" data-end=\"2747\">\u00daltima atualiza\u00e7\u00e3o:<\/strong> 15 de outubro de 2025<\/p><p data-start=\"2730\" data-end=\"2761\">\u00a0<\/p><p data-start=\"2763\" data-end=\"2969\">Bem-vindo ao <strong data-start=\"2774\" data-end=\"2795\">Descoberta de Cozumel<\/strong>.<br data-start=\"2796\" data-end=\"2799\" \/>Ao acessar ou usar nosso site <strong data-start=\"2833\" data-end=\"2865\"><a class=\"decorated-link\" href=\"https:\/\/cozumeldiscovery.com\/pt\" target=\"_new\" rel=\"noopener\" data-start=\"2835\" data-end=\"2863\">https:\/\/cozumeldiscovery.com<\/a><\/strong>, voc\u00ea concorda com estes Termos e Condi\u00e7\u00f5es (\u201cTermos\u201d).<br data-start=\"2917\" data-end=\"2920\" \/>Leia-os atentamente antes de usar o Site.<\/p><p data-start=\"2763\" data-end=\"2969\">\u00a0<\/p><h3 data-start=\"2971\" data-end=\"3004\"><strong data-start=\"2975\" data-end=\"3004\">1. Descri\u00e7\u00e3o do servi\u00e7o<\/strong><\/h3><p data-start=\"3005\" data-end=\"3268\">O Cozumel Discovery \u00e9 um diret\u00f3rio on-line que apresenta v\u00e1rias empresas e servi\u00e7os em Cozumel, incluindo passeios, restaurantes, bares, aluguel de carros, centros de mergulho e muito mais.<br data-start=\"3175\" data-end=\"3178\" \/>Os propriet\u00e1rios de empresas podem reivindicar suas listagens ou enviar novas listagens para inclus\u00e3o na plataforma.<\/p><h3 data-start=\"3270\" data-end=\"3302\"><strong data-start=\"3274\" data-end=\"3302\">2. Responsabilidades do usu\u00e1rio<\/strong><\/h3><p data-start=\"3303\" data-end=\"3335\">Ao usar nosso Site, voc\u00ea concorda em:<\/p><ul data-start=\"3336\" data-end=\"3594\"><li data-start=\"3336\" data-end=\"3381\"><p data-start=\"3338\" data-end=\"3381\">Fornecer informa\u00e7\u00f5es precisas e verdadeiras<\/p><\/li><li data-start=\"3382\" data-end=\"3445\"><p data-start=\"3384\" data-end=\"3445\">N\u00e3o publicar nenhum conte\u00fado ilegal, enganoso ou inadequado<\/p><\/li><li data-start=\"3446\" data-end=\"3498\"><p data-start=\"3448\" data-end=\"3498\">Respeite os direitos de outras empresas e usu\u00e1rios<\/p><\/li><li data-start=\"3499\" data-end=\"3594\"><p data-start=\"3501\" data-end=\"3594\">Usar o Site somente para fins legais relacionados \u00e0 descoberta ou promo\u00e7\u00e3o de servi\u00e7os em Cozumel<\/p><\/li><\/ul><p data-start=\"3596\" data-end=\"3686\">Reservamo-nos o direito de remover ou modificar qualquer listagem ou conte\u00fado que viole estes Termos.<\/p><h3 data-start=\"3688\" data-end=\"3718\"><strong data-start=\"3692\" data-end=\"3718\">3. Listagens e reclama\u00e7\u00f5es<\/strong><\/h3><p data-start=\"3719\" data-end=\"3950\">As listagens de empresas podem ser criadas por n\u00f3s ou enviadas pelos propriet\u00e1rios das empresas.<br data-start=\"3790\" data-end=\"3793\" \/>Os propriet\u00e1rios podem \u201creivindicar\u201d suas listagens para gerenciar e atualizar suas informa\u00e7\u00f5es.<br data-start=\"3866\" data-end=\"3869\" \/>O Cozumel Discovery se reserva o direito de verificar a propriedade antes de aprovar as reivindica\u00e7\u00f5es.<\/p><h3 data-start=\"3952\" data-end=\"3984\"><strong data-start=\"3956\" data-end=\"3984\">4. Propriedade intelectual<\/strong><\/h3><p data-start=\"3985\" data-end=\"4232\">Todo o conte\u00fado do Site - incluindo texto, logotipos, gr\u00e1ficos e layout - \u00e9 de propriedade da Cozumel Discovery ou de seus licenciadores e est\u00e1 protegido por leis de direitos autorais.<br data-start=\"4146\" data-end=\"4149\" \/>Voc\u00ea n\u00e3o pode copiar, reproduzir ou redistribuir o conte\u00fado sem consentimento pr\u00e9vio por escrito.<\/p><h3 data-start=\"4234\" data-end=\"4268\"><strong data-start=\"4238\" data-end=\"4268\">5. Limita\u00e7\u00e3o de responsabilidade<\/strong><\/h3><p data-start=\"4269\" data-end=\"4607\">O Cozumel Discovery funciona apenas como um diret\u00f3rio informativo.<br data-start=\"4327\" data-end=\"4330\" \/>N\u00e3o garantimos a qualidade, a disponibilidade ou a precis\u00e3o dos servi\u00e7os prestados por empresas terceirizadas listadas em nosso Site.<br data-start=\"4455\" data-end=\"4458\" \/>Os usu\u00e1rios interagem com as empresas por sua pr\u00f3pria conta e risco.<br data-start=\"4507\" data-end=\"4510\" \/>N\u00e3o nos responsabilizamos por qualquer perda, dano ou disputa resultante do uso desses servi\u00e7os.<\/p><h3 data-start=\"4609\" data-end=\"4633\"><strong data-start=\"4613\" data-end=\"4633\">6. Modifica\u00e7\u00f5es<\/strong><\/h3><p data-start=\"4634\" data-end=\"4825\">Podemos atualizar ou modificar estes Termos a qualquer momento.<br data-start=\"4682\" data-end=\"4685\" \/>As altera\u00e7\u00f5es entrar\u00e3o em vigor imediatamente ap\u00f3s a publica\u00e7\u00e3o no Site.<br data-start=\"4747\" data-end=\"4750\" \/>Seu uso cont\u00ednuo do Site constitui aceita\u00e7\u00e3o dos Termos atualizados.<\/p><h3 data-start=\"4827\" data-end=\"4851\"><strong data-start=\"4831\" data-end=\"4851\">7. Legisla\u00e7\u00e3o aplic\u00e1vel<\/strong><\/h3><p data-start=\"4852\" data-end=\"4963\">Estes Termos s\u00e3o regidos pelas leis de <strong data-start=\"4892\" data-end=\"4916\">Quintana Roo, M\u00e9xico<\/strong>, sem levar em conta os princ\u00edpios de conflito de leis.<\/p><h3 data-start=\"4965\" data-end=\"4995\"><strong data-start=\"4969\" data-end=\"4995\">8. Informa\u00e7\u00f5es de contato<\/strong><\/h3><p data-start=\"4996\" data-end=\"5104\">Em caso de d\u00favidas sobre estes Termos e Condi\u00e7\u00f5es, entre em contato conosco:<br data-start=\"5069\" data-end=\"5072\" \/>\ud83d\udce7 <strong data-start=\"5075\" data-end=\"5104\"><a class=\"decorated-link cursor-pointer\" href=\"mailto:info@cozumeldiscovery.com\" rel=\"noopener\" data-start=\"5077\" data-end=\"5102\">info@cozumeldiscovery.com<\/a><\/strong><\/p>\t\t\t\t\t\t\t\t<\/div>\n\t\t\t\t\t<\/div>\n\t\t\t\t<\/div>\n\t\t\t\t<\/div>","protected":false},"excerpt":{"rendered":"<p>Terms &amp; Conditions Last Updated: October 15, 2025 \u00a0 Welcome to Cozumel Discovery.By accessing or using our website https:\/\/cozumeldiscovery.com, you agree to these Terms and Conditions (\u201cTerms\u201d).Please read them carefully before using the Site. \u00a0 1. Description of Service Cozumel Discovery is an online directory showcasing various businesses and services in Cozumel, including tours, restaurants, [&hellip;]<\/p>\n","protected":false},"author":3,"featured_media":0,"parent":0,"menu_order":0,"comment_status":"closed","ping_status":"closed","template":"","meta":{"footnotes":""},"class_list":["post-1269","page","type-page","status-publish","hentry"],"_links":{"self":[{"href":"https:\/\/cozumeldiscovery.com\/pt\/wp-json\/wp\/v2\/pages\/1269","targetHints":{"allow":["GET"]}}],"collection":[{"href":"https:\/\/cozumeldiscovery.com\/pt\/wp-json\/wp\/v2\/pages"}],"about":[{"href":"https:\/\/cozumeldiscovery.com\/pt\/wp-json\/wp\/v2\/types\/page"}],"author":[{"embeddable":true,"href":"https:\/\/cozumeldiscovery.com\/pt\/wp-json\/wp\/v2\/users\/3"}],"replies":[{"embeddable":true,"href":"https:\/\/cozumeldiscovery.com\/pt\/wp-json\/wp\/v2\/comments?post=1269"}],"version-history":[{"count":4,"href":"https:\/\/cozumeldiscovery.com\/pt\/wp-json\/wp\/v2\/pages\/1269\/revisions"}],"predecessor-version":[{"id":1273,"href":"https:\/\/cozumeldiscovery.com\/pt\/wp-json\/wp\/v2\/pages\/1269\/revisions\/1273"}],"wp:attachment":[{"href":"https:\/\/cozumeldiscovery.com\/pt\/wp-json\/wp\/v2\/media?parent=1269"}],"curies":[{"name":"wp","href":"https:\/\/api.w.org\/{rel}","templated":true}]}}