{"id":153,"date":"2025-07-05T15:34:22","date_gmt":"2025-07-05T15:34:22","guid":{"rendered":"https:\/\/cozumeldiscovery.com\/?page_id=153"},"modified":"2025-10-29T23:34:44","modified_gmt":"2025-10-29T23:34:44","slug":"blog","status":"publish","type":"page","link":"https:\/\/cozumeldiscovery.com\/fr\/blog\/","title":{"rendered":"Blog"},"content":{"rendered":"<div data-elementor-type=\"wp-page\" data-elementor-id=\"153\" class=\"elementor elementor-153\" data-elementor-post-type=\"page\">\n\t\t\t\t<div class=\"elementor-element elementor-element-b85423f e-flex e-con-boxed e-con e-parent\" data-id=\"b85423f\" data-element_type=\"container\" data-e-type=\"container\">\n\t\t\t\t\t<div class=\"e-con-inner\">\n\t\t<div class=\"elementor-element elementor-element-6d5c531e e-con-full e-flex e-con e-child\" data-id=\"6d5c531e\" data-element_type=\"container\" data-e-type=\"container\">\n\t\t\t\t<div class=\"elementor-element elementor-element-4d1f4f86 elementor-widget elementor-widget-heading\" data-id=\"4d1f4f86\" data-element_type=\"widget\" data-e-type=\"widget\" data-widget_type=\"heading.default\">\n\t\t\t\t\t<h2 class=\"elementor-heading-title elementor-size-default\">D\u00e9couvrez nos articles<\/h2>\t\t\t\t<\/div>\n\t\t\t\t<div class=\"elementor-element elementor-element-2123c6d7 elementor-grid-tablet-1 elementor-grid-3 elementor-grid-mobile-1 elementor-posts--thumbnail-top elementor-widget elementor-widget-posts\" data-id=\"2123c6d7\" data-element_type=\"widget\" data-e-type=\"widget\" data-settings=\"{&quot;classic_row_gap&quot;:{&quot;unit&quot;:&quot;px&quot;,&quot;size&quot;:28,&quot;sizes&quot;:[]},&quot;classic_columns_tablet&quot;:&quot;1&quot;,&quot;classic_columns&quot;:&quot;3&quot;,&quot;classic_columns_mobile&quot;:&quot;1&quot;,&quot;classic_row_gap_tablet&quot;:{&quot;unit&quot;:&quot;px&quot;,&quot;size&quot;:&quot;&quot;,&quot;sizes&quot;:[]},&quot;classic_row_gap_mobile&quot;:{&quot;unit&quot;:&quot;px&quot;,&quot;size&quot;:&quot;&quot;,&quot;sizes&quot;:[]}}\" data-widget_type=\"posts.classic\">\n\t\t\t\t<div class=\"elementor-widget-container\">\n\t\t\t\t\t\t\t<div class=\"elementor-posts-container elementor-posts elementor-posts--skin-classic elementor-grid\" role=\"list\">\n\t\t\t\t<article class=\"elementor-post elementor-grid-item post-265 post type-post status-publish format-standard has-post-thumbnail hentry category-uncategorized tag-cozumel-island-adventures\" role=\"listitem\">\n\t\t\t\t<a class=\"elementor-post__thumbnail__link\" href=\"https:\/\/cozumeldiscovery.com\/fr\/cozumel-un-paradis-tropical-des-aventures-oceaniques-vous-attendent\/\" tabindex=\"-1\" >\n\t\t\t<div class=\"elementor-post__thumbnail\"><img fetchpriority=\"high\" decoding=\"async\" width=\"300\" height=\"225\" src=\"https:\/\/cozumeldiscovery.com\/wp-content\/uploads\/2025\/06\/cozumel-clear-waters-300x225.webp\" class=\"attachment-medium size-medium wp-image-262\" alt=\"Le paradis tropical de Cozumel et ses plages de sable blanc\" srcset=\"https:\/\/cozumeldiscovery.com\/wp-content\/uploads\/2025\/06\/cozumel-clear-waters-300x225.webp 300w, https:\/\/cozumeldiscovery.com\/wp-content\/uploads\/2025\/06\/cozumel-clear-waters-1024x768.webp 1024w, https:\/\/cozumeldiscovery.com\/wp-content\/uploads\/2025\/06\/cozumel-clear-waters-768x576.webp 768w, https:\/\/cozumeldiscovery.com\/wp-content\/uploads\/2025\/06\/cozumel-clear-waters-1536x1152.webp 1536w, https:\/\/cozumeldiscovery.com\/wp-content\/uploads\/2025\/06\/cozumel-clear-waters.webp 1979w\" sizes=\"(max-width: 300px) 100vw, 300px\" \/><\/div>\n\t\t<\/a>\n\t\t\t\t<div class=\"elementor-post__text\">\n\t\t\t\t<h3 class=\"elementor-post__title\">\n\t\t\t<a href=\"https:\/\/cozumeldiscovery.com\/fr\/cozumel-un-paradis-tropical-des-aventures-oceaniques-vous-attendent\/\" >\n\t\t\t\tCozumel : Un paradis tropical et des aventures oc\u00e9aniques vous attendent\t\t\t<\/a>\n\t\t<\/h3>\n\t\t\t\t<div class=\"elementor-post__excerpt\">\n\t\t\t<p>Cozumel : L'\u00eele des hirondelles et un joyau des Cara\u00efbes Nich\u00e9e dans les eaux azur\u00e9es de la mer des Cara\u00efbes, Cozumel est une \u00eele dynamique.<\/p>\n\t\t<\/div>\n\t\t\t\t<\/div>\n\t\t\t\t<\/article>\n\t\t\t\t<article class=\"elementor-post elementor-grid-item post-264 post type-post status-publish format-standard has-post-thumbnail hentry category-popular tag-best-reef-to-snorkel-cozumel tag-cielo-tour-cozumel tag-cozumel-reefs tag-snorkel-tour-cozumel tag-sunset-cruise tag-sup-cozumel\" role=\"listitem\">\n\t\t\t\t<a class=\"elementor-post__thumbnail__link\" href=\"https:\/\/cozumeldiscovery.com\/fr\/les-5-meilleures-aventures-aquatiques-a-cozumel-mexique\/\" tabindex=\"-1\" >\n\t\t\t<div class=\"elementor-post__thumbnail\"><img decoding=\"async\" width=\"300\" height=\"225\" src=\"https:\/\/cozumeldiscovery.com\/wp-content\/uploads\/2025\/06\/scuba-diving-cozumel-300x225.webp\" class=\"attachment-medium size-medium wp-image-260\" alt=\"Apprendre \u00e0 faire de la plong\u00e9e \u00e0 Cozumel\" srcset=\"https:\/\/cozumeldiscovery.com\/wp-content\/uploads\/2025\/06\/scuba-diving-cozumel-300x225.webp 300w, https:\/\/cozumeldiscovery.com\/wp-content\/uploads\/2025\/06\/scuba-diving-cozumel-1024x768.webp 1024w, https:\/\/cozumeldiscovery.com\/wp-content\/uploads\/2025\/06\/scuba-diving-cozumel-768x576.webp 768w, https:\/\/cozumeldiscovery.com\/wp-content\/uploads\/2025\/06\/scuba-diving-cozumel-1536x1152.webp 1536w, https:\/\/cozumeldiscovery.com\/wp-content\/uploads\/2025\/06\/scuba-diving-cozumel.webp 2000w\" sizes=\"(max-width: 300px) 100vw, 300px\" \/><\/div>\n\t\t<\/a>\n\t\t\t\t<div class=\"elementor-post__text\">\n\t\t\t\t<h3 class=\"elementor-post__title\">\n\t\t\t<a href=\"https:\/\/cozumeldiscovery.com\/fr\/les-5-meilleures-aventures-aquatiques-a-cozumel-mexique\/\" >\n\t\t\t\tLes 5 meilleures aventures aquatiques \u00e0 Cozumel, Mexique\t\t\t<\/a>\n\t\t<\/h3>\n\t\t\t\t<div class=\"elementor-post__excerpt\">\n\t\t\t<p>Cozumel, joyau des Cara\u00efbes situ\u00e9 \u00e0 une courte distance en ferry de Playa del Carmen, est un paradis pour les amoureux de l'eau. Ses eaux cristallines,<\/p>\n\t\t<\/div>\n\t\t\t\t<\/div>\n\t\t\t\t<\/article>\n\t\t\t\t<article class=\"elementor-post elementor-grid-item post-263 post type-post status-publish format-standard has-post-thumbnail hentry category-popular\" role=\"listitem\">\n\t\t\t\t<a class=\"elementor-post__thumbnail__link\" href=\"https:\/\/cozumeldiscovery.com\/fr\/explorer-les-recifs-vibrants-de-cozumels-un-guide-pour-lultime-aventure-de-plongee-avec-tuba\/\" tabindex=\"-1\" >\n\t\t\t<div class=\"elementor-post__thumbnail\"><img decoding=\"async\" width=\"300\" height=\"200\" src=\"https:\/\/cozumeldiscovery.com\/wp-content\/uploads\/2025\/06\/reef-cozumel-300x200.webp\" class=\"attachment-medium size-medium wp-image-261\" alt=\"Les meilleurs r\u00e9cifs pour la plong\u00e9e en apn\u00e9e \u00e0 Cozumel\" srcset=\"https:\/\/cozumeldiscovery.com\/wp-content\/uploads\/2025\/06\/reef-cozumel-300x200.webp 300w, https:\/\/cozumeldiscovery.com\/wp-content\/uploads\/2025\/06\/reef-cozumel-1024x683.webp 1024w, https:\/\/cozumeldiscovery.com\/wp-content\/uploads\/2025\/06\/reef-cozumel-768x512.webp 768w, https:\/\/cozumeldiscovery.com\/wp-content\/uploads\/2025\/06\/reef-cozumel-1536x1024.webp 1536w, https:\/\/cozumeldiscovery.com\/wp-content\/uploads\/2025\/06\/reef-cozumel-2048x1365.webp 2048w\" sizes=\"(max-width: 300px) 100vw, 300px\" \/><\/div>\n\t\t<\/a>\n\t\t\t\t<div class=\"elementor-post__text\">\n\t\t\t\t<h3 class=\"elementor-post__title\">\n\t\t\t<a href=\"https:\/\/cozumeldiscovery.com\/fr\/explorer-les-recifs-vibrants-de-cozumels-un-guide-pour-lultime-aventure-de-plongee-avec-tuba\/\" >\n\t\t\t\tCozumel Snorkeling\t\t\t<\/a>\n\t\t<\/h3>\n\t\t\t\t<div class=\"elementor-post__excerpt\">\n\t\t\t<p>Cozumel is one of the Caribbean\u2019s top snorkeling destinations, famous for crystal-clear waters and vibrant coral reefs along the Mesoamerican Barrier Reef. With abundant marine<\/p>\n\t\t<\/div>\n\t\t\t\t<\/div>\n\t\t\t\t<\/article>\n\t\t\t\t<article class=\"elementor-post elementor-grid-item post-259 post type-post status-publish format-standard has-post-thumbnail hentry category-popular\" role=\"listitem\">\n\t\t\t\t<a class=\"elementor-post__thumbnail__link\" href=\"https:\/\/cozumeldiscovery.com\/fr\/une-journee-de-serenite-et-de-splendeur-dans-les-eaux-cristallines-de-cozumels-sans-sargasse\/\" tabindex=\"-1\" >\n\t\t\t<div class=\"elementor-post__thumbnail\"><img fetchpriority=\"high\" decoding=\"async\" width=\"300\" height=\"225\" src=\"https:\/\/cozumeldiscovery.com\/wp-content\/uploads\/2025\/06\/cozumel-clear-waters-300x225.webp\" class=\"attachment-medium size-medium wp-image-262\" alt=\"Le paradis tropical de Cozumel et ses plages de sable blanc\" srcset=\"https:\/\/cozumeldiscovery.com\/wp-content\/uploads\/2025\/06\/cozumel-clear-waters-300x225.webp 300w, https:\/\/cozumeldiscovery.com\/wp-content\/uploads\/2025\/06\/cozumel-clear-waters-1024x768.webp 1024w, https:\/\/cozumeldiscovery.com\/wp-content\/uploads\/2025\/06\/cozumel-clear-waters-768x576.webp 768w, https:\/\/cozumeldiscovery.com\/wp-content\/uploads\/2025\/06\/cozumel-clear-waters-1536x1152.webp 1536w, https:\/\/cozumeldiscovery.com\/wp-content\/uploads\/2025\/06\/cozumel-clear-waters.webp 1979w\" sizes=\"(max-width: 300px) 100vw, 300px\" \/><\/div>\n\t\t<\/a>\n\t\t\t\t<div class=\"elementor-post__text\">\n\t\t\t\t<h3 class=\"elementor-post__title\">\n\t\t\t<a href=\"https:\/\/cozumeldiscovery.com\/fr\/une-journee-de-serenite-et-de-splendeur-dans-les-eaux-cristallines-de-cozumels-sans-sargasse\/\" >\n\t\t\t\tUne journ\u00e9e de s\u00e9r\u00e9nit\u00e9 et de splendeur : S'\u00e9vader dans les eaux cristallines de Cozumel, exemptes de sargasses\t\t\t<\/a>\n\t\t<\/h3>\n\t\t\t\t<div class=\"elementor-post__excerpt\">\n\t\t\t<p>Le mois dernier, je me suis retrouv\u00e9e dans le paradis ensoleill\u00e9 de Riviera Maya, au Mexique, une r\u00e9gion c\u00f4ti\u00e8re r\u00e9put\u00e9e pour ses plages de sable blanc et son ambiance vibrante.<\/p>\n\t\t<\/div>\n\t\t\t\t<\/div>\n\t\t\t\t<\/article>\n\t\t\t\t<\/div>\n\t\t\n\t\t\t\t\t\t<\/div>\n\t\t\t\t<\/div>\n\t\t\t\t<\/div>\n\t\t\t\t\t<\/div>\n\t\t\t\t<\/div>\n\t\t\t\t<\/div>","protected":false},"excerpt":{"rendered":"<p>D\u00e9couvrez nos articles<\/p>","protected":false},"author":3,"featured_media":0,"parent":0,"menu_order":0,"comment_status":"closed","ping_status":"closed","template":"","meta":{"footnotes":""},"class_list":["post-153","page","type-page","status-publish","hentry"],"_links":{"self":[{"href":"https:\/\/cozumeldiscovery.com\/fr\/wp-json\/wp\/v2\/pages\/153","targetHints":{"allow":["GET"]}}],"collection":[{"href":"https:\/\/cozumeldiscovery.com\/fr\/wp-json\/wp\/v2\/pages"}],"about":[{"href":"https:\/\/cozumeldiscovery.com\/fr\/wp-json\/wp\/v2\/types\/page"}],"author":[{"embeddable":true,"href":"https:\/\/cozumeldiscovery.com\/fr\/wp-json\/wp\/v2\/users\/3"}],"replies":[{"embeddable":true,"href":"https:\/\/cozumeldiscovery.com\/fr\/wp-json\/wp\/v2\/comments?post=153"}],"version-history":[{"count":5,"href":"https:\/\/cozumeldiscovery.com\/fr\/wp-json\/wp\/v2\/pages\/153\/revisions"}],"predecessor-version":[{"id":1567,"href":"https:\/\/cozumeldiscovery.com\/fr\/wp-json\/wp\/v2\/pages\/153\/revisions\/1567"}],"wp:attachment":[{"href":"https:\/\/cozumeldiscovery.com\/fr\/wp-json\/wp\/v2\/media?parent=153"}],"curies":[{"name":"wp","href":"https:\/\/api.w.org\/{rel}","templated":true}]}}