{"id":1269,"date":"2025-10-15T20:59:07","date_gmt":"2025-10-15T20:59:07","guid":{"rendered":"https:\/\/cozumeldiscovery.com\/?page_id=1269"},"modified":"2025-10-15T21:07:33","modified_gmt":"2025-10-15T21:07:33","slug":"conditions-generales","status":"publish","type":"page","link":"https:\/\/cozumeldiscovery.com\/fr\/conditions-generales\/","title":{"rendered":"Conditions g\u00e9n\u00e9rales d'utilisation"},"content":{"rendered":"<div data-elementor-type=\"wp-page\" data-elementor-id=\"1269\" class=\"elementor elementor-1269\" data-elementor-post-type=\"page\">\n\t\t\t\t<div class=\"elementor-element elementor-element-14a6f6b e-flex e-con-boxed e-con e-parent\" data-id=\"14a6f6b\" data-element_type=\"container\" data-e-type=\"container\">\n\t\t\t\t\t<div class=\"e-con-inner\">\n\t\t\t\t<div class=\"elementor-element elementor-element-3a2bb6f elementor-widget elementor-widget-heading\" data-id=\"3a2bb6f\" data-element_type=\"widget\" data-e-type=\"widget\" data-widget_type=\"heading.default\">\n\t\t\t\t\t<h1 class=\"elementor-heading-title elementor-size-default\">Conditions g\u00e9n\u00e9rales d'utilisation<\/h1>\t\t\t\t<\/div>\n\t\t\t\t<div class=\"elementor-element elementor-element-4a6900c elementor-widget elementor-widget-text-editor\" data-id=\"4a6900c\" data-element_type=\"widget\" data-e-type=\"widget\" data-widget_type=\"text-editor.default\">\n\t\t\t\t\t\t\t\t\t<p data-start=\"2730\" data-end=\"2761\"><strong data-start=\"2730\" data-end=\"2747\">Derni\u00e8re mise \u00e0 jour :<\/strong> 15 octobre 2025<\/p><p data-start=\"2730\" data-end=\"2761\">\u00a0<\/p><p data-start=\"2763\" data-end=\"2969\">Bienvenue \u00e0 <strong data-start=\"2774\" data-end=\"2795\">D\u00e9couverte de Cozumel<\/strong>.<br data-start=\"2796\" data-end=\"2799\" \/>en acc\u00e9dant \u00e0 notre site web ou en l'utilisant <strong data-start=\"2833\" data-end=\"2865\"><a class=\"decorated-link\" href=\"https:\/\/cozumeldiscovery.com\/fr\" target=\"_new\" rel=\"noopener\" data-start=\"2835\" data-end=\"2863\">https:\/\/cozumeldiscovery.com<\/a><\/strong>, vous acceptez les pr\u00e9sentes conditions g\u00e9n\u00e9rales (\u201cconditions\u201d).<br data-start=\"2917\" data-end=\"2920\" \/>Veuillez les lire attentivement avant d'utiliser le site.<\/p><p data-start=\"2763\" data-end=\"2969\">\u00a0<\/p><h3 data-start=\"2971\" data-end=\"3004\"><strong data-start=\"2975\" data-end=\"3004\">1. Description du service<\/strong><\/h3><p data-start=\"3005\" data-end=\"3268\">Cozumel Discovery est un annuaire en ligne qui pr\u00e9sente divers commerces et services \u00e0 Cozumel, notamment des excursions, des restaurants, des bars, des locations de voitures, des centres de plong\u00e9e, etc.<br data-start=\"3175\" data-end=\"3178\" \/>Les propri\u00e9taires d'entreprises peuvent revendiquer leurs inscriptions ou en soumettre de nouvelles pour qu'elles soient incluses sur la plateforme.<\/p><h3 data-start=\"3270\" data-end=\"3302\"><strong data-start=\"3274\" data-end=\"3302\">2. Responsabilit\u00e9s de l'utilisateur<\/strong><\/h3><p data-start=\"3303\" data-end=\"3335\">En utilisant notre site, vous acceptez de :<\/p><ul data-start=\"3336\" data-end=\"3594\"><li data-start=\"3336\" data-end=\"3381\"><p data-start=\"3338\" data-end=\"3381\">Fournir des informations exactes et v\u00e9ridiques<\/p><\/li><li data-start=\"3382\" data-end=\"3445\"><p data-start=\"3384\" data-end=\"3445\">ne pas publier de contenu ill\u00e9gal, trompeur ou inappropri\u00e9<\/p><\/li><li data-start=\"3446\" data-end=\"3498\"><p data-start=\"3448\" data-end=\"3498\">Respecter les droits des autres entreprises et des utilisateurs<\/p><\/li><li data-start=\"3499\" data-end=\"3594\"><p data-start=\"3501\" data-end=\"3594\">utiliser le site uniquement \u00e0 des fins l\u00e9gales li\u00e9es \u00e0 la d\u00e9couverte ou \u00e0 la promotion de services \u00e0 Cozumel<\/p><\/li><\/ul><p data-start=\"3596\" data-end=\"3686\">Nous nous r\u00e9servons le droit de supprimer ou de modifier toute inscription ou tout contenu qui enfreint les pr\u00e9sentes conditions.<\/p><h3 data-start=\"3688\" data-end=\"3718\"><strong data-start=\"3692\" data-end=\"3718\">3. Inscriptions et r\u00e9clamations<\/strong><\/h3><p data-start=\"3719\" data-end=\"3950\">Les listes d'entreprises peuvent \u00eatre cr\u00e9\u00e9es par nous ou soumises par les propri\u00e9taires d'entreprises.<br data-start=\"3790\" data-end=\"3793\" \/>Les propri\u00e9taires peuvent \u201crevendiquer\u201d leurs annonces pour g\u00e9rer et mettre \u00e0 jour leurs informations.<br data-start=\"3866\" data-end=\"3869\" \/>Cozumel Discovery se r\u00e9serve le droit de v\u00e9rifier la propri\u00e9t\u00e9 avant d'approuver les demandes.<\/p><h3 data-start=\"3952\" data-end=\"3984\"><strong data-start=\"3956\" data-end=\"3984\">4. Propri\u00e9t\u00e9 intellectuelle<\/strong><\/h3><p data-start=\"3985\" data-end=\"4232\">Tout le contenu du site - y compris le texte, les logos, les graphiques et la mise en page - est la propri\u00e9t\u00e9 de Cozumel Discovery ou de ses conc\u00e9dants de licence et est prot\u00e9g\u00e9 par les lois sur les droits d'auteur.<br data-start=\"4146\" data-end=\"4149\" \/>Vous ne pouvez pas copier, reproduire ou redistribuer le contenu sans autorisation \u00e9crite pr\u00e9alable.<\/p><h3 data-start=\"4234\" data-end=\"4268\"><strong data-start=\"4238\" data-end=\"4268\">5. Limitation de la responsabilit\u00e9<\/strong><\/h3><p data-start=\"4269\" data-end=\"4607\">Cozumel Discovery n'est qu'un r\u00e9pertoire d'informations.<br data-start=\"4327\" data-end=\"4330\" \/>Nous ne garantissons pas la qualit\u00e9, la disponibilit\u00e9 ou l'exactitude des services fournis par les entreprises tierces r\u00e9pertori\u00e9es sur notre site.<br data-start=\"4455\" data-end=\"4458\" \/>Les utilisateurs interagissent avec les entreprises \u00e0 leurs propres risques.<br data-start=\"4507\" data-end=\"4510\" \/>Nous ne sommes pas responsables des pertes, dommages ou litiges r\u00e9sultant de l'utilisation de ces services.<\/p><h3 data-start=\"4609\" data-end=\"4633\"><strong data-start=\"4613\" data-end=\"4633\">6. Modifications<\/strong><\/h3><p data-start=\"4634\" data-end=\"4825\">Nous pouvons mettre \u00e0 jour ou modifier ces conditions \u00e0 tout moment.<br data-start=\"4682\" data-end=\"4685\" \/>Les modifications prendront effet imm\u00e9diatement apr\u00e8s leur publication sur le site.<br data-start=\"4747\" data-end=\"4750\" \/>En continuant \u00e0 utiliser le site, vous acceptez les conditions mises \u00e0 jour.<\/p><h3 data-start=\"4827\" data-end=\"4851\"><strong data-start=\"4831\" data-end=\"4851\">7. Droit applicable<\/strong><\/h3><p data-start=\"4852\" data-end=\"4963\">Les pr\u00e9sentes conditions sont r\u00e9gies par le droit <strong data-start=\"4892\" data-end=\"4916\">Quintana Roo, Mexique<\/strong>, sans tenir compte des principes de conflit de lois.<\/p><h3 data-start=\"4965\" data-end=\"4995\"><strong data-start=\"4969\" data-end=\"4995\">8. Informations sur les contacts<\/strong><\/h3><p data-start=\"4996\" data-end=\"5104\">Pour toute question concernant les pr\u00e9sentes conditions g\u00e9n\u00e9rales, veuillez nous contacter \u00e0 l'adresse suivante :<br data-start=\"5069\" data-end=\"5072\" \/>\ud83d\udce7 <strong data-start=\"5075\" data-end=\"5104\"><a class=\"decorated-link cursor-pointer\" href=\"mailto:info@cozumeldiscovery.com\" rel=\"noopener\" data-start=\"5077\" data-end=\"5102\">info@cozumeldiscovery.com<\/a><\/strong><\/p>\t\t\t\t\t\t\t\t<\/div>\n\t\t\t\t\t<\/div>\n\t\t\t\t<\/div>\n\t\t\t\t<\/div>","protected":false},"excerpt":{"rendered":"<p>Terms &amp; Conditions Last Updated: October 15, 2025 \u00a0 Welcome to Cozumel Discovery.By accessing or using our website https:\/\/cozumeldiscovery.com, you agree to these Terms and Conditions (\u201cTerms\u201d).Please read them carefully before using the Site. \u00a0 1. Description of Service Cozumel Discovery is an online directory showcasing various businesses and services in Cozumel, including tours, restaurants, [&hellip;]<\/p>\n","protected":false},"author":3,"featured_media":0,"parent":0,"menu_order":0,"comment_status":"closed","ping_status":"closed","template":"","meta":{"footnotes":""},"class_list":["post-1269","page","type-page","status-publish","hentry"],"_links":{"self":[{"href":"https:\/\/cozumeldiscovery.com\/fr\/wp-json\/wp\/v2\/pages\/1269","targetHints":{"allow":["GET"]}}],"collection":[{"href":"https:\/\/cozumeldiscovery.com\/fr\/wp-json\/wp\/v2\/pages"}],"about":[{"href":"https:\/\/cozumeldiscovery.com\/fr\/wp-json\/wp\/v2\/types\/page"}],"author":[{"embeddable":true,"href":"https:\/\/cozumeldiscovery.com\/fr\/wp-json\/wp\/v2\/users\/3"}],"replies":[{"embeddable":true,"href":"https:\/\/cozumeldiscovery.com\/fr\/wp-json\/wp\/v2\/comments?post=1269"}],"version-history":[{"count":4,"href":"https:\/\/cozumeldiscovery.com\/fr\/wp-json\/wp\/v2\/pages\/1269\/revisions"}],"predecessor-version":[{"id":1273,"href":"https:\/\/cozumeldiscovery.com\/fr\/wp-json\/wp\/v2\/pages\/1269\/revisions\/1273"}],"wp:attachment":[{"href":"https:\/\/cozumeldiscovery.com\/fr\/wp-json\/wp\/v2\/media?parent=1269"}],"curies":[{"name":"wp","href":"https:\/\/api.w.org\/{rel}","templated":true}]}}