{"id":153,"date":"2025-07-05T15:34:22","date_gmt":"2025-07-05T15:34:22","guid":{"rendered":"https:\/\/cozumeldiscovery.com\/?page_id=153"},"modified":"2025-10-29T23:34:44","modified_gmt":"2025-10-29T23:34:44","slug":"blog","status":"publish","type":"page","link":"https:\/\/cozumeldiscovery.com\/es\/blog\/","title":{"rendered":"Blog"},"content":{"rendered":"<div data-elementor-type=\"wp-page\" data-elementor-id=\"153\" class=\"elementor elementor-153\" data-elementor-post-type=\"page\">\n\t\t\t\t<div class=\"elementor-element elementor-element-b85423f e-flex e-con-boxed e-con e-parent\" data-id=\"b85423f\" data-element_type=\"container\" data-e-type=\"container\">\n\t\t\t\t\t<div class=\"e-con-inner\">\n\t\t<div class=\"elementor-element elementor-element-6d5c531e e-con-full e-flex e-con e-child\" data-id=\"6d5c531e\" data-element_type=\"container\" data-e-type=\"container\">\n\t\t\t\t<div class=\"elementor-element elementor-element-4d1f4f86 elementor-widget elementor-widget-heading\" data-id=\"4d1f4f86\" data-element_type=\"widget\" data-e-type=\"widget\" data-widget_type=\"heading.default\">\n\t\t\t\t\t<h2 class=\"elementor-heading-title elementor-size-default\">Explore nuestros art\u00edculos<\/h2>\t\t\t\t<\/div>\n\t\t\t\t<div class=\"elementor-element elementor-element-2123c6d7 elementor-grid-tablet-1 elementor-grid-3 elementor-grid-mobile-1 elementor-posts--thumbnail-top elementor-widget elementor-widget-posts\" data-id=\"2123c6d7\" data-element_type=\"widget\" data-e-type=\"widget\" data-settings=\"{&quot;classic_row_gap&quot;:{&quot;unit&quot;:&quot;px&quot;,&quot;size&quot;:28,&quot;sizes&quot;:[]},&quot;classic_columns_tablet&quot;:&quot;1&quot;,&quot;classic_columns&quot;:&quot;3&quot;,&quot;classic_columns_mobile&quot;:&quot;1&quot;,&quot;classic_row_gap_tablet&quot;:{&quot;unit&quot;:&quot;px&quot;,&quot;size&quot;:&quot;&quot;,&quot;sizes&quot;:[]},&quot;classic_row_gap_mobile&quot;:{&quot;unit&quot;:&quot;px&quot;,&quot;size&quot;:&quot;&quot;,&quot;sizes&quot;:[]}}\" data-widget_type=\"posts.classic\">\n\t\t\t\t<div class=\"elementor-widget-container\">\n\t\t\t\t\t\t\t<div class=\"elementor-posts-container elementor-posts elementor-posts--skin-classic elementor-grid\" role=\"list\">\n\t\t\t\t<article class=\"elementor-post elementor-grid-item post-265 post type-post status-publish format-standard has-post-thumbnail hentry category-uncategorized tag-cozumel-island-adventures\" role=\"listitem\">\n\t\t\t\t<a class=\"elementor-post__thumbnail__link\" href=\"https:\/\/cozumeldiscovery.com\/es\/cozumel-un-paraiso-tropical-te-esperan-aventuras-oceanicas\/\" tabindex=\"-1\" >\n\t\t\t<div class=\"elementor-post__thumbnail\"><img fetchpriority=\"high\" decoding=\"async\" width=\"300\" height=\"225\" src=\"https:\/\/cozumeldiscovery.com\/wp-content\/uploads\/2025\/06\/cozumel-clear-waters-300x225.webp\" class=\"attachment-medium size-medium wp-image-262\" alt=\"Cozumel Para\u00edso tropical y playas de arena blanca\" srcset=\"https:\/\/cozumeldiscovery.com\/wp-content\/uploads\/2025\/06\/cozumel-clear-waters-300x225.webp 300w, https:\/\/cozumeldiscovery.com\/wp-content\/uploads\/2025\/06\/cozumel-clear-waters-1024x768.webp 1024w, https:\/\/cozumeldiscovery.com\/wp-content\/uploads\/2025\/06\/cozumel-clear-waters-768x576.webp 768w, https:\/\/cozumeldiscovery.com\/wp-content\/uploads\/2025\/06\/cozumel-clear-waters-1536x1152.webp 1536w, https:\/\/cozumeldiscovery.com\/wp-content\/uploads\/2025\/06\/cozumel-clear-waters.webp 1979w\" sizes=\"(max-width: 300px) 100vw, 300px\" \/><\/div>\n\t\t<\/a>\n\t\t\t\t<div class=\"elementor-post__text\">\n\t\t\t\t<h3 class=\"elementor-post__title\">\n\t\t\t<a href=\"https:\/\/cozumeldiscovery.com\/es\/cozumel-un-paraiso-tropical-te-esperan-aventuras-oceanicas\/\" >\n\t\t\t\tCozumel: Un para\u00edso tropical y aventuras oce\u00e1nicas le esperan\t\t\t<\/a>\n\t\t<\/h3>\n\t\t\t\t<div class=\"elementor-post__excerpt\">\n\t\t\t<p>Cozumel: La isla de las golondrinas y una joya del Caribe Enclavada en las azules aguas del mar Caribe, Cozumel es una vibrante isla<\/p>\n\t\t<\/div>\n\t\t\t\t<\/div>\n\t\t\t\t<\/article>\n\t\t\t\t<article class=\"elementor-post elementor-grid-item post-264 post type-post status-publish format-standard has-post-thumbnail hentry category-popular tag-best-reef-to-snorkel-cozumel tag-cielo-tour-cozumel tag-cozumel-reefs tag-snorkel-tour-cozumel tag-sunset-cruise tag-sup-cozumel\" role=\"listitem\">\n\t\t\t\t<a class=\"elementor-post__thumbnail__link\" href=\"https:\/\/cozumeldiscovery.com\/es\/las-5-mejores-aventuras-acuaticas-en-cozumel-mexico\/\" tabindex=\"-1\" >\n\t\t\t<div class=\"elementor-post__thumbnail\"><img decoding=\"async\" width=\"300\" height=\"225\" src=\"https:\/\/cozumeldiscovery.com\/wp-content\/uploads\/2025\/06\/scuba-diving-cozumel-300x225.webp\" class=\"attachment-medium size-medium wp-image-260\" alt=\"Aprenda a bucear en Cozumel\" srcset=\"https:\/\/cozumeldiscovery.com\/wp-content\/uploads\/2025\/06\/scuba-diving-cozumel-300x225.webp 300w, https:\/\/cozumeldiscovery.com\/wp-content\/uploads\/2025\/06\/scuba-diving-cozumel-1024x768.webp 1024w, https:\/\/cozumeldiscovery.com\/wp-content\/uploads\/2025\/06\/scuba-diving-cozumel-768x576.webp 768w, https:\/\/cozumeldiscovery.com\/wp-content\/uploads\/2025\/06\/scuba-diving-cozumel-1536x1152.webp 1536w, https:\/\/cozumeldiscovery.com\/wp-content\/uploads\/2025\/06\/scuba-diving-cozumel.webp 2000w\" sizes=\"(max-width: 300px) 100vw, 300px\" \/><\/div>\n\t\t<\/a>\n\t\t\t\t<div class=\"elementor-post__text\">\n\t\t\t\t<h3 class=\"elementor-post__title\">\n\t\t\t<a href=\"https:\/\/cozumeldiscovery.com\/es\/las-5-mejores-aventuras-acuaticas-en-cozumel-mexico\/\" >\n\t\t\t\tLas 5 mejores aventuras acu\u00e1ticas en Cozumel, M\u00e9xico\t\t\t<\/a>\n\t\t<\/h3>\n\t\t\t\t<div class=\"elementor-post__excerpt\">\n\t\t\t<p>Cozumel, joya del Caribe y a un corto trayecto en ferry de Playa del Carmen, es un para\u00edso para los amantes del agua. Sus aguas cristalinas,<\/p>\n\t\t<\/div>\n\t\t\t\t<\/div>\n\t\t\t\t<\/article>\n\t\t\t\t<article class=\"elementor-post elementor-grid-item post-263 post type-post status-publish format-standard has-post-thumbnail hentry category-popular\" role=\"listitem\">\n\t\t\t\t<a class=\"elementor-post__thumbnail__link\" href=\"https:\/\/cozumeldiscovery.com\/es\/exploring-cozumels-vibrant-reefs-a-guide-to-the-ultimate-snorkeling-adventure\/\" tabindex=\"-1\" >\n\t\t\t<div class=\"elementor-post__thumbnail\"><img decoding=\"async\" width=\"300\" height=\"200\" src=\"https:\/\/cozumeldiscovery.com\/wp-content\/uploads\/2025\/06\/reef-cozumel-300x200.webp\" class=\"attachment-medium size-medium wp-image-261\" alt=\"Los mejores arrecifes para bucear en Cozumel\" srcset=\"https:\/\/cozumeldiscovery.com\/wp-content\/uploads\/2025\/06\/reef-cozumel-300x200.webp 300w, https:\/\/cozumeldiscovery.com\/wp-content\/uploads\/2025\/06\/reef-cozumel-1024x683.webp 1024w, https:\/\/cozumeldiscovery.com\/wp-content\/uploads\/2025\/06\/reef-cozumel-768x512.webp 768w, https:\/\/cozumeldiscovery.com\/wp-content\/uploads\/2025\/06\/reef-cozumel-1536x1024.webp 1536w, https:\/\/cozumeldiscovery.com\/wp-content\/uploads\/2025\/06\/reef-cozumel-2048x1365.webp 2048w\" sizes=\"(max-width: 300px) 100vw, 300px\" \/><\/div>\n\t\t<\/a>\n\t\t\t\t<div class=\"elementor-post__text\">\n\t\t\t\t<h3 class=\"elementor-post__title\">\n\t\t\t<a href=\"https:\/\/cozumeldiscovery.com\/es\/exploring-cozumels-vibrant-reefs-a-guide-to-the-ultimate-snorkeling-adventure\/\" >\n\t\t\t\tCozumel Snorkeling\t\t\t<\/a>\n\t\t<\/h3>\n\t\t\t\t<div class=\"elementor-post__excerpt\">\n\t\t\t<p>Cozumel is one of the Caribbean\u2019s top snorkeling destinations, famous for crystal-clear waters and vibrant coral reefs along the Mesoamerican Barrier Reef. With abundant marine<\/p>\n\t\t<\/div>\n\t\t\t\t<\/div>\n\t\t\t\t<\/article>\n\t\t\t\t<article class=\"elementor-post elementor-grid-item post-259 post type-post status-publish format-standard has-post-thumbnail hentry category-popular\" role=\"listitem\">\n\t\t\t\t<a class=\"elementor-post__thumbnail__link\" href=\"https:\/\/cozumeldiscovery.com\/es\/un-dia-de-serenidad-y-esplendor-escapando-a-las-cristalinas-aguas-libres-de-sargazo-de-cozumel\/\" tabindex=\"-1\" >\n\t\t\t<div class=\"elementor-post__thumbnail\"><img fetchpriority=\"high\" decoding=\"async\" width=\"300\" height=\"225\" src=\"https:\/\/cozumeldiscovery.com\/wp-content\/uploads\/2025\/06\/cozumel-clear-waters-300x225.webp\" class=\"attachment-medium size-medium wp-image-262\" alt=\"Cozumel Para\u00edso tropical y playas de arena blanca\" srcset=\"https:\/\/cozumeldiscovery.com\/wp-content\/uploads\/2025\/06\/cozumel-clear-waters-300x225.webp 300w, https:\/\/cozumeldiscovery.com\/wp-content\/uploads\/2025\/06\/cozumel-clear-waters-1024x768.webp 1024w, https:\/\/cozumeldiscovery.com\/wp-content\/uploads\/2025\/06\/cozumel-clear-waters-768x576.webp 768w, https:\/\/cozumeldiscovery.com\/wp-content\/uploads\/2025\/06\/cozumel-clear-waters-1536x1152.webp 1536w, https:\/\/cozumeldiscovery.com\/wp-content\/uploads\/2025\/06\/cozumel-clear-waters.webp 1979w\" sizes=\"(max-width: 300px) 100vw, 300px\" \/><\/div>\n\t\t<\/a>\n\t\t\t\t<div class=\"elementor-post__text\">\n\t\t\t\t<h3 class=\"elementor-post__title\">\n\t\t\t<a href=\"https:\/\/cozumeldiscovery.com\/es\/un-dia-de-serenidad-y-esplendor-escapando-a-las-cristalinas-aguas-libres-de-sargazo-de-cozumel\/\" >\n\t\t\t\tUn d\u00eda de serenidad y esplendor: Escapada a las aguas cristalinas sin sargazos de Cozumel\t\t\t<\/a>\n\t\t<\/h3>\n\t\t\t\t<div class=\"elementor-post__excerpt\">\n\t\t\t<p>El mes pasado, me encontr\u00e9 tomando el sol en el para\u00edso de la Riviera Maya (M\u00e9xico), una franja costera famosa por sus playas de arena blanca y su vibrante vida nocturna.<\/p>\n\t\t<\/div>\n\t\t\t\t<\/div>\n\t\t\t\t<\/article>\n\t\t\t\t<\/div>\n\t\t\n\t\t\t\t\t\t<\/div>\n\t\t\t\t<\/div>\n\t\t\t\t<\/div>\n\t\t\t\t\t<\/div>\n\t\t\t\t<\/div>\n\t\t\t\t<\/div>","protected":false},"excerpt":{"rendered":"<p>Explore nuestros art\u00edculos<\/p>","protected":false},"author":3,"featured_media":0,"parent":0,"menu_order":0,"comment_status":"closed","ping_status":"closed","template":"","meta":{"footnotes":""},"class_list":["post-153","page","type-page","status-publish","hentry"],"_links":{"self":[{"href":"https:\/\/cozumeldiscovery.com\/es\/wp-json\/wp\/v2\/pages\/153","targetHints":{"allow":["GET"]}}],"collection":[{"href":"https:\/\/cozumeldiscovery.com\/es\/wp-json\/wp\/v2\/pages"}],"about":[{"href":"https:\/\/cozumeldiscovery.com\/es\/wp-json\/wp\/v2\/types\/page"}],"author":[{"embeddable":true,"href":"https:\/\/cozumeldiscovery.com\/es\/wp-json\/wp\/v2\/users\/3"}],"replies":[{"embeddable":true,"href":"https:\/\/cozumeldiscovery.com\/es\/wp-json\/wp\/v2\/comments?post=153"}],"version-history":[{"count":5,"href":"https:\/\/cozumeldiscovery.com\/es\/wp-json\/wp\/v2\/pages\/153\/revisions"}],"predecessor-version":[{"id":1567,"href":"https:\/\/cozumeldiscovery.com\/es\/wp-json\/wp\/v2\/pages\/153\/revisions\/1567"}],"wp:attachment":[{"href":"https:\/\/cozumeldiscovery.com\/es\/wp-json\/wp\/v2\/media?parent=153"}],"curies":[{"name":"wp","href":"https:\/\/api.w.org\/{rel}","templated":true}]}}