{"id":1269,"date":"2025-10-15T20:59:07","date_gmt":"2025-10-15T20:59:07","guid":{"rendered":"https:\/\/cozumeldiscovery.com\/?page_id=1269"},"modified":"2025-10-15T21:07:33","modified_gmt":"2025-10-15T21:07:33","slug":"condiciones","status":"publish","type":"page","link":"https:\/\/cozumeldiscovery.com\/es\/condiciones\/","title":{"rendered":"Condiciones generales"},"content":{"rendered":"<div data-elementor-type=\"wp-page\" data-elementor-id=\"1269\" class=\"elementor elementor-1269\" data-elementor-post-type=\"page\">\n\t\t\t\t<div class=\"elementor-element elementor-element-14a6f6b e-flex e-con-boxed e-con e-parent\" data-id=\"14a6f6b\" data-element_type=\"container\" data-e-type=\"container\">\n\t\t\t\t\t<div class=\"e-con-inner\">\n\t\t\t\t<div class=\"elementor-element elementor-element-3a2bb6f elementor-widget elementor-widget-heading\" data-id=\"3a2bb6f\" data-element_type=\"widget\" data-e-type=\"widget\" data-widget_type=\"heading.default\">\n\t\t\t\t\t<h1 class=\"elementor-heading-title elementor-size-default\">Condiciones generales<\/h1>\t\t\t\t<\/div>\n\t\t\t\t<div class=\"elementor-element elementor-element-4a6900c elementor-widget elementor-widget-text-editor\" data-id=\"4a6900c\" data-element_type=\"widget\" data-e-type=\"widget\" data-widget_type=\"text-editor.default\">\n\t\t\t\t\t\t\t\t\t<p data-start=\"2730\" data-end=\"2761\"><strong data-start=\"2730\" data-end=\"2747\">\u00daltima actualizaci\u00f3n:<\/strong> 15 de octubre de 2025<\/p><p data-start=\"2730\" data-end=\"2761\">\u00a0<\/p><p data-start=\"2763\" data-end=\"2969\">Bienvenido a <strong data-start=\"2774\" data-end=\"2795\">Descubrimiento de Cozumel<\/strong>.<br data-start=\"2796\" data-end=\"2799\" \/>Al acceder o utilizar nuestro sitio web <strong data-start=\"2833\" data-end=\"2865\"><a class=\"decorated-link\" href=\"https:\/\/cozumeldiscovery.com\/es\" target=\"_new\" rel=\"noopener\" data-start=\"2835\" data-end=\"2863\">https:\/\/cozumeldiscovery.com<\/a><\/strong>, acepta las presentes Condiciones Generales (\u201cCondiciones\u201d).<br data-start=\"2917\" data-end=\"2920\" \/>Le rogamos que las lea atentamente antes de utilizar el Sitio.<\/p><p data-start=\"2763\" data-end=\"2969\">\u00a0<\/p><h3 data-start=\"2971\" data-end=\"3004\"><strong data-start=\"2975\" data-end=\"3004\">1. Descripci\u00f3n del servicio<\/strong><\/h3><p data-start=\"3005\" data-end=\"3268\">Cozumel Discovery es un directorio en l\u00ednea que muestra varios negocios y servicios en Cozumel, incluyendo tours, restaurantes, bares, renta de autos, centros de buceo y m\u00e1s.<br data-start=\"3175\" data-end=\"3178\" \/>Los empresarios pueden reclamar sus anuncios o enviar otros nuevos para su inclusi\u00f3n en la plataforma.<\/p><h3 data-start=\"3270\" data-end=\"3302\"><strong data-start=\"3274\" data-end=\"3302\">2. Responsabilidades del usuario<\/strong><\/h3><p data-start=\"3303\" data-end=\"3335\">Al utilizar nuestro Sitio, usted acepta:<\/p><ul data-start=\"3336\" data-end=\"3594\"><li data-start=\"3336\" data-end=\"3381\"><p data-start=\"3338\" data-end=\"3381\">Proporcionar informaci\u00f3n exacta y veraz<\/p><\/li><li data-start=\"3382\" data-end=\"3445\"><p data-start=\"3384\" data-end=\"3445\">No publicar contenidos ilegales, enga\u00f1osos o inapropiados<\/p><\/li><li data-start=\"3446\" data-end=\"3498\"><p data-start=\"3448\" data-end=\"3498\">Respetar los derechos de otras empresas y usuarios<\/p><\/li><li data-start=\"3499\" data-end=\"3594\"><p data-start=\"3501\" data-end=\"3594\">Utilizar el Sitio \u00fanicamente para fines l\u00edcitos relacionados con el descubrimiento o la promoci\u00f3n de servicios en Cozumel.<\/p><\/li><\/ul><p data-start=\"3596\" data-end=\"3686\">Nos reservamos el derecho a eliminar o modificar cualquier anuncio o contenido que infrinja estas Condiciones.<\/p><h3 data-start=\"3688\" data-end=\"3718\"><strong data-start=\"3692\" data-end=\"3718\">3. Listados y reclamaciones<\/strong><\/h3><p data-start=\"3719\" data-end=\"3950\">Los listados de empresas pueden ser creados por nosotros o enviados por sus propietarios.<br data-start=\"3790\" data-end=\"3793\" \/>Los propietarios pueden \u201creclamar\u201d sus anuncios para gestionar y actualizar su informaci\u00f3n.<br data-start=\"3866\" data-end=\"3869\" \/>Cozumel Discovery se reserva el derecho de verificar la propiedad antes de aprobar las reclamaciones.<\/p><h3 data-start=\"3952\" data-end=\"3984\"><strong data-start=\"3956\" data-end=\"3984\">4. 4. Propiedad intelectual<\/strong><\/h3><p data-start=\"3985\" data-end=\"4232\">Todo el contenido del sitio - incluyendo texto, logotipos, gr\u00e1ficos y dise\u00f1o - es propiedad de Cozumel Discovery o sus licenciantes y est\u00e1 protegido por leyes de copyright.<br data-start=\"4146\" data-end=\"4149\" \/>No puede copiar, reproducir o redistribuir contenidos sin consentimiento previo por escrito.<\/p><h3 data-start=\"4234\" data-end=\"4268\"><strong data-start=\"4238\" data-end=\"4268\">5. 5. Limitaci\u00f3n de responsabilidad<\/strong><\/h3><p data-start=\"4269\" data-end=\"4607\">Cozumel Discovery act\u00faa s\u00f3lo como un directorio informativo.<br data-start=\"4327\" data-end=\"4330\" \/>No garantizamos la calidad, disponibilidad o exactitud de los servicios prestados por las empresas de terceros que aparecen en nuestro Sitio.<br data-start=\"4455\" data-end=\"4458\" \/>Los usuarios interact\u00faan con las empresas bajo su propia responsabilidad.<br data-start=\"4507\" data-end=\"4510\" \/>No nos hacemos responsables de ninguna p\u00e9rdida, da\u00f1o o litigio resultante del uso de estos servicios.<\/p><h3 data-start=\"4609\" data-end=\"4633\"><strong data-start=\"4613\" data-end=\"4633\">6. Modificaciones<\/strong><\/h3><p data-start=\"4634\" data-end=\"4825\">Podemos actualizar o modificar estas Condiciones en cualquier momento.<br data-start=\"4682\" data-end=\"4685\" \/>Los cambios entrar\u00e1n en vigor inmediatamente despu\u00e9s de su publicaci\u00f3n en el Sitio.<br data-start=\"4747\" data-end=\"4750\" \/>El uso continuado del Sitio implica la aceptaci\u00f3n de las Condiciones actualizadas.<\/p><h3 data-start=\"4827\" data-end=\"4851\"><strong data-start=\"4831\" data-end=\"4851\">7. Derecho aplicable<\/strong><\/h3><p data-start=\"4852\" data-end=\"4963\">Estas Condiciones se rigen por las leyes de <strong data-start=\"4892\" data-end=\"4916\">Quintana Roo, M\u00e9xico<\/strong>, sin tener en cuenta los principios de conflicto de leyes.<\/p><h3 data-start=\"4965\" data-end=\"4995\"><strong data-start=\"4969\" data-end=\"4995\">8. 8. Informaci\u00f3n de contacto<\/strong><\/h3><p data-start=\"4996\" data-end=\"5104\">Si tiene alguna pregunta sobre estas Condiciones Generales, p\u00f3ngase en contacto con nosotros:<br data-start=\"5069\" data-end=\"5072\" \/>\ud83d\udce7 <strong data-start=\"5075\" data-end=\"5104\"><a class=\"decorated-link cursor-pointer\" href=\"mailto:info@cozumeldiscovery.com\" rel=\"noopener\" data-start=\"5077\" data-end=\"5102\">info@cozumeldiscovery.com<\/a><\/strong><\/p>\t\t\t\t\t\t\t\t<\/div>\n\t\t\t\t\t<\/div>\n\t\t\t\t<\/div>\n\t\t\t\t<\/div>","protected":false},"excerpt":{"rendered":"<p>Terms &amp; Conditions Last Updated: October 15, 2025 \u00a0 Welcome to Cozumel Discovery.By accessing or using our website https:\/\/cozumeldiscovery.com, you agree to these Terms and Conditions (\u201cTerms\u201d).Please read them carefully before using the Site. \u00a0 1. Description of Service Cozumel Discovery is an online directory showcasing various businesses and services in Cozumel, including tours, restaurants, [&hellip;]<\/p>\n","protected":false},"author":3,"featured_media":0,"parent":0,"menu_order":0,"comment_status":"closed","ping_status":"closed","template":"","meta":{"footnotes":""},"class_list":["post-1269","page","type-page","status-publish","hentry"],"_links":{"self":[{"href":"https:\/\/cozumeldiscovery.com\/es\/wp-json\/wp\/v2\/pages\/1269","targetHints":{"allow":["GET"]}}],"collection":[{"href":"https:\/\/cozumeldiscovery.com\/es\/wp-json\/wp\/v2\/pages"}],"about":[{"href":"https:\/\/cozumeldiscovery.com\/es\/wp-json\/wp\/v2\/types\/page"}],"author":[{"embeddable":true,"href":"https:\/\/cozumeldiscovery.com\/es\/wp-json\/wp\/v2\/users\/3"}],"replies":[{"embeddable":true,"href":"https:\/\/cozumeldiscovery.com\/es\/wp-json\/wp\/v2\/comments?post=1269"}],"version-history":[{"count":4,"href":"https:\/\/cozumeldiscovery.com\/es\/wp-json\/wp\/v2\/pages\/1269\/revisions"}],"predecessor-version":[{"id":1273,"href":"https:\/\/cozumeldiscovery.com\/es\/wp-json\/wp\/v2\/pages\/1269\/revisions\/1273"}],"wp:attachment":[{"href":"https:\/\/cozumeldiscovery.com\/es\/wp-json\/wp\/v2\/media?parent=1269"}],"curies":[{"name":"wp","href":"https:\/\/api.w.org\/{rel}","templated":true}]}}