{"id":1269,"date":"2025-10-15T20:59:07","date_gmt":"2025-10-15T20:59:07","guid":{"rendered":"https:\/\/cozumeldiscovery.com\/?page_id=1269"},"modified":"2025-10-15T21:07:33","modified_gmt":"2025-10-15T21:07:33","slug":"bedingungen","status":"publish","type":"page","link":"https:\/\/cozumeldiscovery.com\/de\/bedingungen\/","title":{"rendered":"Bedingungen und Konditionen"},"content":{"rendered":"<div data-elementor-type=\"wp-page\" data-elementor-id=\"1269\" class=\"elementor elementor-1269\" data-elementor-post-type=\"page\">\n\t\t\t\t<div class=\"elementor-element elementor-element-14a6f6b e-flex e-con-boxed e-con e-parent\" data-id=\"14a6f6b\" data-element_type=\"container\" data-e-type=\"container\">\n\t\t\t\t\t<div class=\"e-con-inner\">\n\t\t\t\t<div class=\"elementor-element elementor-element-3a2bb6f elementor-widget elementor-widget-heading\" data-id=\"3a2bb6f\" data-element_type=\"widget\" data-e-type=\"widget\" data-widget_type=\"heading.default\">\n\t\t\t\t\t<h1 class=\"elementor-heading-title elementor-size-default\">Bedingungen und Konditionen<\/h1>\t\t\t\t<\/div>\n\t\t\t\t<div class=\"elementor-element elementor-element-4a6900c elementor-widget elementor-widget-text-editor\" data-id=\"4a6900c\" data-element_type=\"widget\" data-e-type=\"widget\" data-widget_type=\"text-editor.default\">\n\t\t\t\t\t\t\t\t\t<p data-start=\"2730\" data-end=\"2761\"><strong data-start=\"2730\" data-end=\"2747\">Zuletzt aktualisiert:<\/strong> Oktober 15, 2025<\/p><p data-start=\"2730\" data-end=\"2761\">\u00a0<\/p><p data-start=\"2763\" data-end=\"2969\">Willkommen bei <strong data-start=\"2774\" data-end=\"2795\">Cozumel Entdeckung<\/strong>.<br data-start=\"2796\" data-end=\"2799\" \/>Durch den Zugriff auf oder die Nutzung unserer Website <strong data-start=\"2833\" data-end=\"2865\"><a class=\"decorated-link\" href=\"https:\/\/cozumeldiscovery.com\/de\" target=\"_new\" rel=\"noopener\" data-start=\"2835\" data-end=\"2863\">https:\/\/cozumeldiscovery.com<\/a><\/strong>, erkl\u00e4ren Sie sich mit diesen Allgemeinen Gesch\u00e4ftsbedingungen (\u201cBedingungen\u201d) einverstanden.<br data-start=\"2917\" data-end=\"2920\" \/>Bitte lesen Sie diese sorgf\u00e4ltig durch, bevor Sie die Website nutzen.<\/p><p data-start=\"2763\" data-end=\"2969\">\u00a0<\/p><h3 data-start=\"2971\" data-end=\"3004\"><strong data-start=\"2975\" data-end=\"3004\">1. Beschreibung der Dienstleistung<\/strong><\/h3><p data-start=\"3005\" data-end=\"3268\">Cozumel Discovery ist ein Online-Verzeichnis, das verschiedene Unternehmen und Dienstleistungen in Cozumel vorstellt, darunter Touren, Restaurants, Bars, Autovermietungen, Tauchzentren und vieles mehr.<br data-start=\"3175\" data-end=\"3178\" \/>Unternehmer k\u00f6nnen ihre Eintr\u00e4ge auf der Plattform anmelden oder neue Eintr\u00e4ge einreichen.<\/p><h3 data-start=\"3270\" data-end=\"3302\"><strong data-start=\"3274\" data-end=\"3302\">2. Verantwortlichkeiten der Benutzer<\/strong><\/h3><p data-start=\"3303\" data-end=\"3335\">Durch die Nutzung unserer Website erkl\u00e4ren Sie sich damit einverstanden:<\/p><ul data-start=\"3336\" data-end=\"3594\"><li data-start=\"3336\" data-end=\"3381\"><p data-start=\"3338\" data-end=\"3381\">genaue und wahrheitsgem\u00e4\u00dfe Informationen bereitstellen<\/p><\/li><li data-start=\"3382\" data-end=\"3445\"><p data-start=\"3384\" data-end=\"3445\">keine ungesetzlichen, irref\u00fchrenden oder unangemessenen Inhalte zu ver\u00f6ffentlichen<\/p><\/li><li data-start=\"3446\" data-end=\"3498\"><p data-start=\"3448\" data-end=\"3498\">Respektieren Sie die Rechte anderer Unternehmen und Nutzer<\/p><\/li><li data-start=\"3499\" data-end=\"3594\"><p data-start=\"3501\" data-end=\"3594\">die Website nur f\u00fcr rechtm\u00e4\u00dfige Zwecke im Zusammenhang mit der Entdeckung oder F\u00f6rderung von Dienstleistungen in Cozumel zu nutzen<\/p><\/li><\/ul><p data-start=\"3596\" data-end=\"3686\">Wir behalten uns das Recht vor, Inserate oder Inhalte, die gegen diese Bedingungen versto\u00dfen, zu entfernen oder zu \u00e4ndern.<\/p><h3 data-start=\"3688\" data-end=\"3718\"><strong data-start=\"3692\" data-end=\"3718\">3. Listings und Anspr\u00fcche<\/strong><\/h3><p data-start=\"3719\" data-end=\"3950\">Unternehmenseintr\u00e4ge k\u00f6nnen von uns erstellt oder von Gesch\u00e4ftsinhabern eingereicht werden.<br data-start=\"3790\" data-end=\"3793\" \/>Eigent\u00fcmer k\u00f6nnen ihre Inserate \u201cbeanspruchen\u201d, um ihre Informationen zu verwalten und zu aktualisieren.<br data-start=\"3866\" data-end=\"3869\" \/>Cozumel Discovery beh\u00e4lt sich das Recht vor, die Eigentumsverh\u00e4ltnisse zu \u00fcberpr\u00fcfen, bevor Anspr\u00fcche genehmigt werden.<\/p><h3 data-start=\"3952\" data-end=\"3984\"><strong data-start=\"3956\" data-end=\"3984\">4. Geistiges Eigentum<\/strong><\/h3><p data-start=\"3985\" data-end=\"4232\">Der gesamte Inhalt der Website - einschlie\u00dflich der Texte, Logos, Grafiken und des Layouts - ist Eigentum von Cozumel Discovery oder seinen Lizenzgebern und ist durch das Urheberrecht gesch\u00fctzt.<br data-start=\"4146\" data-end=\"4149\" \/>Es ist nicht gestattet, Inhalte ohne vorherige schriftliche Zustimmung zu kopieren, zu vervielf\u00e4ltigen oder weiterzuverbreiten.<\/p><h3 data-start=\"4234\" data-end=\"4268\"><strong data-start=\"4238\" data-end=\"4268\">5. Begrenzung der Haftung<\/strong><\/h3><p data-start=\"4269\" data-end=\"4607\">Cozumel Discovery dient lediglich als Informationsverzeichnis.<br data-start=\"4327\" data-end=\"4330\" \/>Wir \u00fcbernehmen keine Garantie f\u00fcr die Qualit\u00e4t, Verf\u00fcgbarkeit oder Genauigkeit von Dienstleistungen, die von auf unserer Website aufgef\u00fchrten Drittanbietern erbracht werden.<br data-start=\"4455\" data-end=\"4458\" \/>Die Nutzer interagieren mit Unternehmen auf eigenes Risiko.<br data-start=\"4507\" data-end=\"4510\" \/>Wir haften nicht f\u00fcr Verluste, Sch\u00e4den oder Streitigkeiten, die sich aus der Nutzung dieser Dienste ergeben.<\/p><h3 data-start=\"4609\" data-end=\"4633\"><strong data-start=\"4613\" data-end=\"4633\">6. \u00c4nderungen<\/strong><\/h3><p data-start=\"4634\" data-end=\"4825\">Wir k\u00f6nnen diese Bedingungen jederzeit aktualisieren oder \u00e4ndern.<br data-start=\"4682\" data-end=\"4685\" \/>\u00c4nderungen treten unmittelbar nach Ver\u00f6ffentlichung auf der Website in Kraft.<br data-start=\"4747\" data-end=\"4750\" \/>Die fortgesetzte Nutzung der Website gilt als Zustimmung zu den aktualisierten Bedingungen.<\/p><h3 data-start=\"4827\" data-end=\"4851\"><strong data-start=\"4831\" data-end=\"4851\">7. Geltendes Recht<\/strong><\/h3><p data-start=\"4852\" data-end=\"4963\">Diese Bedingungen unterliegen den Gesetzen von <strong data-start=\"4892\" data-end=\"4916\">Quintana Roo, Mexiko<\/strong>, ohne R\u00fccksicht auf kollisionsrechtliche Grunds\u00e4tze.<\/p><h3 data-start=\"4965\" data-end=\"4995\"><strong data-start=\"4969\" data-end=\"4995\">8. Kontaktinformationen<\/strong><\/h3><p data-start=\"4996\" data-end=\"5104\">Bei Fragen zu diesen Bedingungen und Konditionen wenden Sie sich bitte an uns:<br data-start=\"5069\" data-end=\"5072\" \/>\ud83d\udce7 <strong data-start=\"5075\" data-end=\"5104\"><a class=\"decorated-link cursor-pointer\" href=\"mailto:info@cozumeldiscovery.com\" rel=\"noopener\" data-start=\"5077\" data-end=\"5102\">info@cozumeldiscovery.com<\/a><\/strong><\/p>\t\t\t\t\t\t\t\t<\/div>\n\t\t\t\t\t<\/div>\n\t\t\t\t<\/div>\n\t\t\t\t<\/div>","protected":false},"excerpt":{"rendered":"<p>Terms &amp; Conditions Last Updated: October 15, 2025 \u00a0 Welcome to Cozumel Discovery.By accessing or using our website https:\/\/cozumeldiscovery.com, you agree to these Terms and Conditions (\u201cTerms\u201d).Please read them carefully before using the Site. \u00a0 1. Description of Service Cozumel Discovery is an online directory showcasing various businesses and services in Cozumel, including tours, restaurants, [&hellip;]<\/p>\n","protected":false},"author":3,"featured_media":0,"parent":0,"menu_order":0,"comment_status":"closed","ping_status":"closed","template":"","meta":{"footnotes":""},"class_list":["post-1269","page","type-page","status-publish","hentry"],"_links":{"self":[{"href":"https:\/\/cozumeldiscovery.com\/de\/wp-json\/wp\/v2\/pages\/1269","targetHints":{"allow":["GET"]}}],"collection":[{"href":"https:\/\/cozumeldiscovery.com\/de\/wp-json\/wp\/v2\/pages"}],"about":[{"href":"https:\/\/cozumeldiscovery.com\/de\/wp-json\/wp\/v2\/types\/page"}],"author":[{"embeddable":true,"href":"https:\/\/cozumeldiscovery.com\/de\/wp-json\/wp\/v2\/users\/3"}],"replies":[{"embeddable":true,"href":"https:\/\/cozumeldiscovery.com\/de\/wp-json\/wp\/v2\/comments?post=1269"}],"version-history":[{"count":4,"href":"https:\/\/cozumeldiscovery.com\/de\/wp-json\/wp\/v2\/pages\/1269\/revisions"}],"predecessor-version":[{"id":1273,"href":"https:\/\/cozumeldiscovery.com\/de\/wp-json\/wp\/v2\/pages\/1269\/revisions\/1273"}],"wp:attachment":[{"href":"https:\/\/cozumeldiscovery.com\/de\/wp-json\/wp\/v2\/media?parent=1269"}],"curies":[{"name":"wp","href":"https:\/\/api.w.org\/{rel}","templated":true}]}}